{"id":32748,"date":"2023-12-01T15:20:29","date_gmt":"2023-12-01T14:20:29","guid":{"rendered":"https:\/\/frnpbdued.preview.infomaniak.website\/privacy-policy-2\/"},"modified":"2023-12-01T16:15:47","modified_gmt":"2023-12-01T15:15:47","slug":"privacy-policy","status":"publish","type":"page","link":"https:\/\/caritasprovitaegradu.ch\/fr\/privacy-policy\/","title":{"rendered":"Politique de Confidentialit\u00e9"},"content":{"rendered":"\t\t<div data-elementor-type=\"wp-page\" data-elementor-id=\"32748\" class=\"elementor elementor-32748 elementor-32742\" data-elementor-post-type=\"page\">\n\t\t\t\t<div class=\"elementor-element elementor-element-dc5d072 e-flex e-con-boxed e-con e-parent\" data-id=\"dc5d072\" data-element_type=\"container\" data-e-type=\"container\">\n\t\t\t\t\t<div class=\"e-con-inner\">\n\t\t\t\t<div class=\"elementor-element elementor-element-09194ef elementor-widget elementor-widget-heading\" data-id=\"09194ef\" data-element_type=\"widget\" data-e-type=\"widget\" data-widget_type=\"heading.default\">\n\t\t\t\t<div class=\"elementor-widget-container\">\n\t\t\t\t\t<h1 class=\"elementor-heading-title elementor-size-default\">Politique de confidentialit\u00e9<\/h1>\t\t\t\t<\/div>\n\t\t\t\t<\/div>\n\t\t\t\t<div class=\"elementor-element elementor-element-d603880 elementor-widget elementor-widget-text-editor\" data-id=\"d603880\" data-element_type=\"widget\" data-e-type=\"widget\" data-widget_type=\"text-editor.default\">\n\t\t\t\t<div class=\"elementor-widget-container\">\n\t\t\t\t\t\t\t\t\t<h4><strong>Informations g\u00e9n\u00e9rales<\/strong><\/h4><p>Les informations ci-apr\u00e8s donnent un aper\u00e7u simple de ce que deviennent vos donn\u00e9es lorsque vous consultez notre site Internet. Vous trouverez des informations d\u00e9taill\u00e9es sur la protection des donn\u00e9es dans la\u00a0<strong><a href=\"https:\/\/www.caritasprovitaegradu.ch\/fr\/politique-de-confidentialite\/#politique\">Politique de confidentialit\u00e9<\/a><\/strong>.<\/p><h4><strong>Collecte des donn\u00e9es sur notre site Internet<\/strong><\/h4><p><strong><em>Qui est responsable de la collecte des donn\u00e9es sur ce site Internet ?<\/em><\/strong><\/p><p>C\u2019est l\u2019\u00e9diteur du site qui s\u2019occupe du traitement des donn\u00e9es sur ce site Internet. Vous trouverez ses coordonn\u00e9es dans les\u00a0<strong><a href=\"https:\/\/www.caritasprovitaegradu.ch\/fr\/politique-de-confidentialite\/#mentions\">Mentions l\u00e9gales<\/a><\/strong>.<\/p><p><strong><em>Comment collectons-nous vos donn\u00e9es?<\/em><\/strong><\/p><p>Tout d\u2019abord, nous collectons vos donn\u00e9es du fait que vous nous les communiquez.<\/p><p><strong><a href=\"https:\/\/www.caritasprovitaegradu.ch\/fr\/politique-de-confidentialite\/#donnees01\">Voir la liste des donn\u00e9es que vous nous communiquez<\/a><\/strong>.<\/p><p>D\u2019autres donn\u00e9es sont automatiquement collect\u00e9es lors de la consultation du site. Ce sont surtout des donn\u00e9es techniques (p. ex. navigateur Internet, syst\u00e8me d\u2019exploitation ou heure d\u2019acc\u00e8s \u00e0 la page). La collecte de ces donn\u00e9es se fait automatiquement d\u00e8s que vous acc\u00e9dez au site.<\/p><p><strong><a href=\"https:\/\/www.caritasprovitaegradu.ch\/fr\/politique-de-confidentialite\/#donnees02\">Voir la liste des donn\u00e9es automatiquement collect\u00e9es<\/a><\/strong>.<\/p><p><em><strong>A quoi nous servent vos donn\u00e9es?<\/strong><\/em><\/p><p>Une partie des donn\u00e9es est collect\u00e9e pour garantir une mise \u00e0 disposition correcte du site. D\u2019autres donn\u00e9es peuvent \u00eatre utilis\u00e9es pour analyser votre comportement d\u2019utilisateur.<\/p><p><em><strong>Quels sont vos droits par rapport \u00e0 vos donn\u00e9es?<\/strong><\/em><\/p><p>Vous avez \u00e0 tout moment le droit de recevoir gratuitement des renseignements sur l\u2019origine de vos donn\u00e9es personnelles enregistr\u00e9es, de savoir \u00e0 qui elles sont destin\u00e9es et \u00e0 quelles fins elles ont \u00e9t\u00e9 collect\u00e9es. Vous avez en outre le droit d\u2019exiger la rectification, le verrouillage ou la suppression de ces donn\u00e9es.<br \/>Vous trouverez des informations d\u00e9taill\u00e9es sur la protection des donn\u00e9es dans la\u00a0<strong><a href=\"https:\/\/www.caritasprovitaegradu.ch\/fr\/politique-de-confidentialite\/#politique\">Politique de confidentialit\u00e9<\/a><\/strong>.<\/p><h4><strong>Cryptage SSL<\/strong><\/h4><p>Pour des raisons de s\u00e9curit\u00e9 ou pour prot\u00e9ger la transmission de contenus confidentiels tels que des commandes ou des demandes que vous nous envoyez, ce site utilise un cryptage SSL. Vous pouvez reconna\u00eetre une connexion crypt\u00e9e au fait que la ligne d\u2019adresse du navigateur affiche \u00abhttps:\/\/\u00bb au lieu de \u00abhttp:\/\/\u00bb et \u00e0 l\u2019ic\u00f4ne du cadenas qui appara\u00eet dans la barre d\u2019adresse du navigateur. Lorsque le cryptage SSL est activ\u00e9, les donn\u00e9es que vous nous transmettez ne peuvent pas \u00eatre lues par un tiers.<\/p><h4><strong><a id=\"donnees01\"><\/a>Donn\u00e9es que vous nous communiquez<\/strong><\/h4><h4><strong>Formulaires et commandes en ligne<\/strong><\/h4><p>Si vous nous faites parvenir des demandes via un formulaire, nous enregistrerons les informations qui y sont contenues, y compris les coordonn\u00e9es que vous y avez indiqu\u00e9es, pour traiter la demande et r\u00e9pondre \u00e0 d\u2019\u00e9ventuelles questions compl\u00e9mentaires. Nous ne transmettrons pas ces donn\u00e9es.<br \/>Nous conservons les donn\u00e9es que vous avez saisies dans le formulaire jusqu\u2019\u00e0 ce que vous nous demandiez de les supprimer ou r\u00e9voquiez votre consentement \u00e0 leur enregistrement, ou si la finalit\u00e9 pour laquelle vos donn\u00e9es ont \u00e9t\u00e9 enregistr\u00e9es est devenue sans objet.<\/p><h4><strong><a id=\"donnees02\"><\/a>Donn\u00e9es automatiquement collect\u00e9es<\/strong><\/h4><p>Fichiers journaux du serveur<br \/>Le fournisseur de ces pages collecte et enregistre automatiquement des informations dans ce que l\u2019on appelle les fichiers journaux du serveur que votre navigateur nous transmet automatiquement. Ce sont:<\/p><ul><li>le type de navigateur et la version du navigateur<\/li><li>le syst\u00e8me d\u2019exploitation utilis\u00e9<\/li><li>l\u2019URL de r\u00e9f\u00e9rence<\/li><li>le nom de l\u2018h\u00f4te de l\u2019ordinateur connect\u00e9<\/li><li>l\u2019heure de la demande du serveur<\/li><li>l\u2019adresse IP<\/li><\/ul><p>Ces donn\u00e9es ne seront pas regroup\u00e9es avec d\u2019autres sources de donn\u00e9es.<\/p><h4><strong>Google Analytics<\/strong><\/h4><p>Ce site Internet peut utiliser les fonctionnalit\u00e9s du service Web Google. Il s\u2019agit du fournisseur Google Inc., 1600 Amphitheatre Parkway, Mountain View, CA 94043, USA.<\/p><p>Google Analytics utilise des cookies qui permettent une analyse de votre utilisation du site Internet. Les informations g\u00e9n\u00e9r\u00e9es par les cookies concernant votre utilisation de ce site sont g\u00e9n\u00e9ralement transmises \u00e0 un serveur de Google aux Etats-Unis et y sont stock\u00e9es.<\/p><p>Vous pouvez emp\u00eacher le stockage de cookies en\u00a0<a href=\"https:\/\/tools.google.com\/dlpage\/gaoptout?hl=fr\" target=\"_blank\" rel=\"noopener\">param\u00e9trant<\/a>\u00a0votre logiciel de navigation.<\/p><h4><strong>Google reCAPTCHA<\/strong><\/h4><p>Nous pouvons utiliser \u201cGoogle reCAPTCHA\u201d (ci-apr\u00e8s \u201creCAPTCHA\u201d) sur nos sites Internet. L\u2019op\u00e9rateur est Google Inc., 1600 Amphitheatre Parkway, Mountain View, CA 94043, USA (\u201cGoogle\u201d).<\/p><p>Avec reCAPTCHA, nous pouvons v\u00e9rifier si la saisie de donn\u00e9es sur nos sites Internet (par exemple dans un formulaire de contact) est effectu\u00e9e par un humain ou par un programme automatis\u00e9. Ainsi, reCAPTCHA analyse le comportement du visiteur du site en fonction de diff\u00e9rentes caract\u00e9ristiques. Cette analyse d\u00e9bute automatiquement d\u00e8s que le visiteur acc\u00e8de au site. reCAPTCHA \u00e9value diverses informations (p. ex., l\u2019adresse IP, le temps pass\u00e9 par le visiteur sur le site ou les mouvements de souris effectu\u00e9s par l\u2019utilisateur). Les donn\u00e9es collect\u00e9es lors de l\u2019analyse sont transmises \u00e0 Google.<br \/>L\u2019exploitant du site Internet a un int\u00e9r\u00eat l\u00e9gitime \u00e0 prot\u00e9ger ses sites Internet contre l\u2019espionnage automatis\u00e9 abusif et les spams.<\/p><h2><strong><a id=\"politique\"><\/a>Politique de confidentialit\u00e9<\/strong><\/h2><h4><strong>Mentions l\u00e9gales et politique de confidentialit\u00e9<\/strong><\/h4><p>Caritas Pro Vitae Gradu Charitable Trust, soucieux des droits des individus, notamment au regard des traitements automatis\u00e9s et dans une volont\u00e9 de transparence avec ses clients, a mis en place une politique reprenant l\u2019ensemble de ces traitements, des finalit\u00e9s poursuivies par ces derniers ainsi que des moyens d\u2019actions \u00e0 la disposition des individus afin qu\u2019ils puissent au mieux exercer leurs droits. Pour toute information compl\u00e9mentaire sur la protection des donn\u00e9es personnelles, nous vous invitons \u00e0 consulter ce lien.<\/p><p>La poursuite de la navigation sur ce site vaut acceptation sans r\u00e9serve des dispositions et conditions d\u2019utilisation qui suivent. La version actuellement en ligne de ces conditions d\u2019utilisation est la seule opposable pendant toute la dur\u00e9e d\u2019utilisation du site et jusqu\u2019\u00e0 ce qu\u2019une nouvelle version la remplace.<\/p><h4><strong><a id=\"mentions\"><\/a>Article 1 \u2013 Mentions l\u00e9gales<\/strong><\/h4><p>1.1 Site (ci-apr\u00e8s \u00ab le site \u00bb) :\u00a0<a href=\"https:\/\/www.caritasprovitaegradu.ch\/\" target=\"_blank\" rel=\"noopener\">https:\/\/www.caritasprovitaegradu.ch\/<\/a><\/p><p>1.2 \u00c9diteur (ci-apr\u00e8s \u00ab l\u2019\u00e9diteur \u00bb) : Caritas Pro Vitae Gradu Charitable Trust, dont le si\u00e8ge social est situ\u00e9 : 1, Place de Saint-Gervais, 1201 Gen\u00e8ve, Suisse.<\/p><h4><strong>Article 2 \u2013 Acc\u00e8s au site<\/strong><\/h4><p>L\u2019acc\u00e8s au site et son utilisation sont r\u00e9serv\u00e9s \u00e0 un usage strictement personnel. Vous vous engagez \u00e0 ne pas utiliser ce site et les informations ou donn\u00e9es qui y figurent \u00e0 des fins commerciales, politiques, publicitaires et pour toute forme de sollicitation commerciale et notamment l\u2019envoi de courriers \u00e9lectroniques non sollicit\u00e9s.<\/p><h4><strong>Article 3 \u2013 Contenu du site<\/strong><\/h4><p>Toutes les marques, photographies, textes, commentaires, illustrations, images anim\u00e9es ou non, s\u00e9quences vid\u00e9o, sons, ainsi que toutes les applications informatiques qui pourraient \u00eatre utilis\u00e9es pour faire fonctionner ce site et plus g\u00e9n\u00e9ralement tous les \u00e9l\u00e9ments reproduits ou utilis\u00e9s sur le site sont prot\u00e9g\u00e9s par les lois en vigueur au titre de la propri\u00e9t\u00e9 intellectuelle. Ils sont la propri\u00e9t\u00e9 pleine et enti\u00e8re de l\u2019\u00e9diteur ou de ses partenaires. Toute reproduction, repr\u00e9sentation, utilisation ou adaptation, sous quelque forme que ce soit, de tout ou partie de ces \u00e9l\u00e9ments, y compris les applications informatiques, sans l\u2019accord pr\u00e9alable et \u00e9crit de l\u2019\u00e9diteur, sont strictement interdites. Le fait pour l\u2019\u00e9diteur de ne pas engager de proc\u00e9dure d\u00e8s la prise de connaissance de ces utilisations non autoris\u00e9es ne vaut pas acceptation desdites utilisations et renonciation aux poursuites.<\/p><h4><strong>Article 4 \u2013 Gestion du site<\/strong><\/h4><p>Pour la bonne gestion du site, l\u2019\u00e9diteur pourra \u00e0 tout moment :<\/p><ul><li>suspendre, interrompre ou limiter l\u2019acc\u00e8s \u00e0 tout ou partie du site, r\u00e9server l\u2019acc\u00e8s au site, ou \u00e0 certaines parties du site, \u00e0 une cat\u00e9gorie d\u00e9termin\u00e9e d\u2019internautes ;<\/li><li>supprimer toute information pouvant en perturber le fonctionnement ou entrant en contravention avec les lois nationales ou internationales ;<\/li><li>suspendre le site afin de proc\u00e9der \u00e0 des mises \u00e0 jour.<\/li><\/ul><h4><strong>Article 5 \u2013 Responsabilit\u00e9s<\/strong><\/h4><p>La responsabilit\u00e9 de l\u2019\u00e9diteur ne peut \u00eatre engag\u00e9e en cas de d\u00e9faillance, panne, difficult\u00e9 ou interruption de fonctionnement, emp\u00eachant l\u2019acc\u00e8s au site ou \u00e0 une de ses fonctionnalit\u00e9s. Le mat\u00e9riel de connexion au site que vous utilisez est sous votre enti\u00e8re responsabilit\u00e9. Vous devez prendre toutes les mesures appropri\u00e9es pour prot\u00e9ger votre mat\u00e9riel et vos propres donn\u00e9es notamment d\u2019attaques virales par Internet. Vous \u00eates par ailleurs seul responsable des sites et donn\u00e9es que vous consultez.<\/p><p>L\u2019\u00e9diteur ne pourra \u00eatre tenu responsable en cas de poursuites judiciaires \u00e0 votre encontre :<\/p><ul><li>du fait de l\u2019usage du site ou de tout service accessible via Internet ;<\/li><li>du fait du non-respect par vous des pr\u00e9sentes conditions g\u00e9n\u00e9rales.<\/li><li>L\u2019\u00e9diteur n\u2019est pas responsable des dommages caus\u00e9s \u00e0 vous-m\u00eame, \u00e0 des tiers et\/ou \u00e0 votre \u00e9quipement du fait de votre connexion ou de votre utilisation du site et vous renoncez \u00e0 toute action contre lui de ce fait. Si l\u2019\u00e9diteur venait \u00e0 faire l\u2019objet d\u2019une proc\u00e9dure amiable ou judiciaire en raison de votre utilisation du site, il pourra se retourner contre vous pour obtenir l\u2019indemnisation de tous les pr\u00e9judices, sommes, condamnations et frais qui pourraient d\u00e9couler de cette proc\u00e9dure.<\/li><\/ul><h4><strong>Article 6 \u2013 Liens hypertextes<\/strong><\/h4><p>La mise en place par les utilisateurs de tous liens hypertextes vers tout ou partie du site est autoris\u00e9e par l\u2019\u00e9diteur. Tout lien devra \u00eatre retir\u00e9 sur simple demande de l\u2019\u00e9diteur. Toute information accessible via un lien vers d\u2019autres sites n\u2019est pas publi\u00e9e par l\u2019\u00e9diteur. L\u2019\u00e9diteur ne dispose d\u2019aucun droit sur le contenu pr\u00e9sent dans ledit lien.<\/p><h4><strong>Article 7 \u2013 Collecte et protection des donn\u00e9es<\/strong><\/h4><p>Vos donn\u00e9es sont collect\u00e9es par Caritas Pro Vitae Gradu Charitable Trust. Une donn\u00e9e \u00e0 caract\u00e8re personnel d\u00e9signe toute information concernant une personne physique identifi\u00e9e ou identifiable (personne concern\u00e9e) ; est r\u00e9put\u00e9e identifiable une personne qui peut \u00eatre identifi\u00e9e, directement ou indirectement, notamment par r\u00e9f\u00e9rence \u00e0 un nom, un num\u00e9ro d\u2019identification ou \u00e0 un ou plusieurs \u00e9l\u00e9ments sp\u00e9cifiques, propres \u00e0 son identit\u00e9 physique, physiologique, g\u00e9n\u00e9tique, psychique, \u00e9conomique, culturelle ou sociale.<\/p><p>Les informations personnelles pouvant \u00eatre recueillies sur le site sont principalement utilis\u00e9es par l\u2019\u00e9diteur pour la gestion des relations avec vous, et le cas \u00e9ch\u00e9ant pour le traitement de vos commandes.<\/p><p><strong><a href=\"https:\/\/www.caritasprovitaegradu.ch\/fr\/politique-de-confidentialite\/#donnees01\">Voir la liste des donn\u00e9es que vous nous communiquez<\/a><\/strong>.<\/p><p><strong><a href=\"https:\/\/www.caritasprovitaegradu.ch\/fr\/politique-de-confidentialite\/#donnees02\">Voir la liste des donn\u00e9es automatiquement collect\u00e9es<\/a><\/strong>.<\/p><h4><strong>Article 8 \u2013 Droit d\u2019acc\u00e8s, de rectification et de d\u00e9r\u00e9f\u00e9rencement de vos donn\u00e9es<\/strong><\/h4><p>En application de la r\u00e9glementation applicable aux donn\u00e9es \u00e0 caract\u00e8re personnel, les utilisateurs disposent des droits suivants :<\/p><ul><li>le droit d\u2019acc\u00e8s : ils peuvent exercer leur droit d\u2019acc\u00e8s, pour conna\u00eetre les donn\u00e9es personnelles les concernant, en \u00e9crivant \u00e0 l\u2019adresse \u00e9lectronique ci-dessous mentionn\u00e9e. Dans ce cas, avant la mise en oeuvre de ce droit, la Plateforme peut demander une preuve de l\u2019identit\u00e9 de l\u2019utilisateur afin d\u2019en v\u00e9rifier l\u2019exactitude ;<\/li><li>le droit de rectification : si les donn\u00e9es \u00e0 caract\u00e8re personnel d\u00e9tenues par la Plateforme sont inexactes, ils peuvent demander la mise \u00e0 jour des informations ;<\/li><li>le droit de suppression des donn\u00e9es : les utilisateurs peuvent demander la suppression de leurs donn\u00e9es \u00e0 caract\u00e8re personnel, conform\u00e9ment aux lois applicables en mati\u00e8re de protection des donn\u00e9es ;<\/li><li>le droit \u00e0 la limitation du traitement : les utilisateurs peuvent de demander \u00e0 la Plateforme de limiter le traitement des donn\u00e9es personnelles conform\u00e9ment aux hypoth\u00e8ses pr\u00e9vues par la nLPD ;<\/li><li>le droit de s\u2019opposer au traitement des donn\u00e9es : les utilisateurs peuvent s\u2019opposer \u00e0 ce que leurs donn\u00e9es soient trait\u00e9es conform\u00e9ment aux hypoth\u00e8ses pr\u00e9vues par la nLPD ;<\/li><li>le droit \u00e0 la portabilit\u00e9 : ils peuvent r\u00e9clamer que la Plateforme leur remette les donn\u00e9es personnelles qu\u2019ils ont fournies pour les transmettre \u00e0 une nouvelle Plateforme.<br \/>Vous pouvez exercer ce droit en nous contactant, \u00e0 l\u2019adresse suivante : Caritas Pro Vitae Gradu Charitable Trust, 1, Place de Saint-Gervais, 1201 Gen\u00e8ve, Suisse, ou par\u00a0<strong><a href=\"mailto:info@caritasprovitaegradu.ch\">e-mail<\/a><\/strong>.<\/li><\/ul><p>Toute demande doit \u00eatre accompagn\u00e9e de la photocopie d\u2019un titre d\u2019identit\u00e9 en cours de validit\u00e9 sign\u00e9 et faire mention de l\u2019adresse \u00e0 laquelle l\u2019\u00e9diteur pourra contacter le demandeur. La r\u00e9ponse sera adress\u00e9e dans le mois suivant la r\u00e9ception de la demande. Ce d\u00e9lai d\u2019un mois peut \u00eatre prolong\u00e9 de deux mois si la complexit\u00e9 de la demande et\/ou le nombre de demandes l\u2019exigent.<\/p><h4><strong>Article 9 \u2013 Utilisation des donn\u00e9es<\/strong><\/h4><p>Les donn\u00e9es personnelles collect\u00e9es aupr\u00e8s des utilisateurs ont pour objectif la mise \u00e0 disposition des services de la Plateforme, leur am\u00e9lioration et le maintien d\u2019un environnement s\u00e9curis\u00e9. La base l\u00e9gale des traitements est l\u2019ex\u00e9cution du contrat entre l\u2019utilisateur et la Plateforme. Plus pr\u00e9cis\u00e9ment, les utilisations sont les suivantes :<\/p><ul><li>acc\u00e8s et utilisation de la Plateforme par l\u2019utilisateur ;<\/li><li>gestion du fonctionnement et optimisation de la Plateforme ;<\/li><li>mise en oeuvre d\u2019une assistance utilisateurs ;<\/li><li>v\u00e9rification, identification et authentification des donn\u00e9es transmises par l\u2019utilisateur ;<\/li><li>gestion des \u00e9ventuels litiges avec les utilisateurs ;<\/li><\/ul><h4><strong>Article 10 \u2013 Politique de conservation des donn\u00e9es<\/strong><\/h4><p>La Plateforme conserve vos donn\u00e9es pour la dur\u00e9e n\u00e9cessaire pour vous fournir ses services ou son assistance. Dans la mesure raisonnablement n\u00e9cessaire ou requise pour satisfaire aux obligations l\u00e9gales ou r\u00e9glementaires, r\u00e9gler des litiges, emp\u00eacher les fraudes et abus ou appliquer nos modalit\u00e9s et conditions, nous pouvons \u00e9galement conserver certaines de vos informations si n\u00e9cessaire, m\u00eame apr\u00e8s que vous ayez ferm\u00e9 votre compte ou que nous n\u2019ayons plus besoin pour vous fournir nos services.<\/p><h4><strong>Article 11 \u2013 Cookies<\/strong><\/h4><p>L\u2019utilisateur a la possibilit\u00e9 de d\u00e9sactiver les cookies \u00e0 partir des param\u00e8tres de son navigateur. Toutes les informations collect\u00e9es ne seront utilis\u00e9es que pour suivre le volume, le type et la configuration du trafic utilisant ce site, pour en d\u00e9velopper la conception et l\u2019agencement et \u00e0 d\u2019autres fins administratives et de planification et plus g\u00e9n\u00e9ralement pour am\u00e9liorer le service que nous vous offrons.<\/p><h4><strong>Article 12 \u2013 Contactez-nous<\/strong><\/h4><p>Pour toute question, information sur les produits pr\u00e9sent\u00e9s sur le site, ou concernant le site lui-m\u00eame, vous pouvez laisser un message par\u00a0<strong><a href=\"mailto:info@caritasprovitaegradu.ch\">e-mail<\/a><\/strong>.<\/p>\t\t\t\t\t\t\t\t<\/div>\n\t\t\t\t<\/div>\n\t\t\t\t\t<\/div>\n\t\t\t\t<\/div>\n\t\t\t\t<\/div>\n\t\t","protected":false},"excerpt":{"rendered":"<p>Politique de confidentialit\u00e9 Informations g\u00e9n\u00e9rales Les informations ci-apr\u00e8s donnent un aper\u00e7u simple de ce que deviennent vos donn\u00e9es lorsque vous consultez notre site Internet. Vous trouverez des informations d\u00e9taill\u00e9es sur la protection des donn\u00e9es dans la\u00a0Politique de confidentialit\u00e9. Collecte des donn\u00e9es sur notre site Internet Qui est responsable de la collecte des donn\u00e9es sur ce [&hellip;]<\/p>\n","protected":false},"author":1,"featured_media":0,"parent":0,"menu_order":0,"comment_status":"closed","ping_status":"closed","template":"","meta":{"_acf_changed":false,"give_campaign_id":0,"_seopress_robots_primary_cat":"","_seopress_titles_title":"","_seopress_titles_desc":"","_seopress_robots_index":"","footnotes":""},"class_list":["post-32748","page","type-page","status-publish","hentry"],"acf":[],"campaignId":"","_links":{"self":[{"href":"https:\/\/caritasprovitaegradu.ch\/fr\/wp-json\/wp\/v2\/pages\/32748","targetHints":{"allow":["GET"]}}],"collection":[{"href":"https:\/\/caritasprovitaegradu.ch\/fr\/wp-json\/wp\/v2\/pages"}],"about":[{"href":"https:\/\/caritasprovitaegradu.ch\/fr\/wp-json\/wp\/v2\/types\/page"}],"author":[{"embeddable":true,"href":"https:\/\/caritasprovitaegradu.ch\/fr\/wp-json\/wp\/v2\/users\/1"}],"replies":[{"embeddable":true,"href":"https:\/\/caritasprovitaegradu.ch\/fr\/wp-json\/wp\/v2\/comments?post=32748"}],"version-history":[{"count":5,"href":"https:\/\/caritasprovitaegradu.ch\/fr\/wp-json\/wp\/v2\/pages\/32748\/revisions"}],"predecessor-version":[{"id":32757,"href":"https:\/\/caritasprovitaegradu.ch\/fr\/wp-json\/wp\/v2\/pages\/32748\/revisions\/32757"}],"wp:attachment":[{"href":"https:\/\/caritasprovitaegradu.ch\/fr\/wp-json\/wp\/v2\/media?parent=32748"}],"curies":[{"name":"wp","href":"https:\/\/api.w.org\/{rel}","templated":true}]}}