{"id":33999,"date":"2024-07-29T17:12:53","date_gmt":"2024-07-29T15:12:53","guid":{"rendered":"https:\/\/caritasprovitaegradu.ch\/ayudenos-a-tener-un-impacto\/"},"modified":"2024-09-19T14:34:00","modified_gmt":"2024-09-19T12:34:00","slug":"ayudenos-a-tener-un-impacto","status":"publish","type":"page","link":"https:\/\/caritasprovitaegradu.ch\/es\/ayudenos-a-tener-un-impacto\/","title":{"rendered":"Ay\u00fadenos a tener un impacto"},"content":{"rendered":"\t\t<div data-elementor-type=\"wp-page\" data-elementor-id=\"33999\" class=\"elementor elementor-33999 elementor-33893\" data-elementor-post-type=\"page\">\n\t\t\t\t<div class=\"elementor-element elementor-element-57405592 hero-banner-sec e-flex e-con-boxed e-con e-parent\" data-id=\"57405592\" data-element_type=\"container\" data-e-type=\"container\" data-settings=\"{&quot;background_background&quot;:&quot;classic&quot;}\">\n\t\t\t\t\t<div class=\"e-con-inner\">\n\t\t\t\t<div class=\"elementor-element elementor-element-12590c3a elementor-widget elementor-widget-image\" data-id=\"12590c3a\" data-element_type=\"widget\" data-e-type=\"widget\" data-widget_type=\"image.default\">\n\t\t\t\t<div class=\"elementor-widget-container\">\n\t\t\t\t\t\t\t\t\t\t\t\t\t\t\t<img fetchpriority=\"high\" decoding=\"async\" width=\"2128\" height=\"788\" src=\"https:\/\/caritasprovitaegradu.ch\/wp-content\/uploads\/2024\/07\/Pic-1.png\" class=\"attachment-full size-full wp-image-33884\" alt=\"\" srcset=\"https:\/\/caritasprovitaegradu.ch\/wp-content\/uploads\/2024\/07\/Pic-1.png 2128w, https:\/\/caritasprovitaegradu.ch\/wp-content\/uploads\/2024\/07\/Pic-1-300x111.png 300w, https:\/\/caritasprovitaegradu.ch\/wp-content\/uploads\/2024\/07\/Pic-1-1024x379.png 1024w, https:\/\/caritasprovitaegradu.ch\/wp-content\/uploads\/2024\/07\/Pic-1-768x284.png 768w, https:\/\/caritasprovitaegradu.ch\/wp-content\/uploads\/2024\/07\/Pic-1-1536x569.png 1536w, https:\/\/caritasprovitaegradu.ch\/wp-content\/uploads\/2024\/07\/Pic-1-2048x758.png 2048w\" sizes=\"(max-width: 2128px) 100vw, 2128px\" \/>\t\t\t\t\t\t\t\t\t\t\t\t\t\t\t<\/div>\n\t\t\t\t<\/div>\n\t\t<div class=\"elementor-element elementor-element-24062070 e-flex e-con-boxed e-con e-child\" data-id=\"24062070\" data-element_type=\"container\" data-e-type=\"container\" data-settings=\"{&quot;position&quot;:&quot;absolute&quot;}\">\n\t\t\t\t\t<div class=\"e-con-inner\">\n\t\t\t\t<div class=\"elementor-element elementor-element-2accf414 elementor-widget-tablet__width-initial banner-title elementor-widget__width-inherit elementor-widget elementor-widget-heading\" data-id=\"2accf414\" data-element_type=\"widget\" data-e-type=\"widget\" data-widget_type=\"heading.default\">\n\t\t\t\t<div class=\"elementor-widget-container\">\n\t\t\t\t\t<h1 class=\"elementor-heading-title elementor-size-default\">Ay\u00fadenos a tener un impacto<\/h1>\t\t\t\t<\/div>\n\t\t\t\t<\/div>\n\t\t\t\t<div class=\"elementor-element elementor-element-187c8ffb elementor-widget-tablet__width-initial banner-title elementor-widget elementor-widget-heading\" data-id=\"187c8ffb\" data-element_type=\"widget\" data-e-type=\"widget\" data-widget_type=\"heading.default\">\n\t\t\t\t<div class=\"elementor-widget-container\">\n\t\t\t\t\t<p class=\"elementor-heading-title elementor-size-default\">\u00a1Dona hoy y s\u00e9 el cambio que quieres ver en el mundo!<\/p>\t\t\t\t<\/div>\n\t\t\t\t<\/div>\n\t\t\t\t<div class=\"elementor-element elementor-element-7eadbbb5 elementor-widget__width-auto banner-desc  elementor-widget elementor-widget-heading\" data-id=\"7eadbbb5\" data-element_type=\"widget\" data-e-type=\"widget\" data-widget_type=\"heading.default\">\n\t\t\t\t<div class=\"elementor-widget-container\">\n\t\t\t\t\t<span class=\"elementor-heading-title elementor-size-default\">Acay Missions Philippines<\/span>\t\t\t\t<\/div>\n\t\t\t\t<\/div>\n\t\t\t\t\t<\/div>\n\t\t\t\t<\/div>\n\t\t\t\t\t<\/div>\n\t\t\t\t<\/div>\n\t\t<div class=\"elementor-element elementor-element-55e8e180 e-con-full e-flex e-con e-parent\" data-id=\"55e8e180\" data-element_type=\"container\" data-e-type=\"container\" data-settings=\"{&quot;background_background&quot;:&quot;classic&quot;}\">\n\t\t<div class=\"elementor-element elementor-element-7c615bb0 max-width-1920 e-flex e-con-boxed e-con e-child\" data-id=\"7c615bb0\" data-element_type=\"container\" data-e-type=\"container\" data-settings=\"{&quot;background_background&quot;:&quot;gradient&quot;}\">\n\t\t\t\t\t<div class=\"e-con-inner\">\n\t\t<div class=\"elementor-element elementor-element-30f1d45f con-max-width-2 e-flex e-con-boxed e-con e-child\" data-id=\"30f1d45f\" data-element_type=\"container\" data-e-type=\"container\">\n\t\t\t\t\t<div class=\"e-con-inner\">\n\t\t<div class=\"elementor-element elementor-element-374d0e82 e-con-full e-flex e-con e-child\" data-id=\"374d0e82\" data-element_type=\"container\" data-e-type=\"container\">\n\t\t\t\t<div class=\"elementor-element elementor-element-48313e2 elementor-widget elementor-widget-heading\" data-id=\"48313e2\" data-element_type=\"widget\" data-e-type=\"widget\" data-widget_type=\"heading.default\">\n\t\t\t\t<div class=\"elementor-widget-container\">\n\t\t\t\t\t<h2 class=\"elementor-heading-title elementor-size-default\">Ay\u00fadenos a tener un impacto<\/h2>\t\t\t\t<\/div>\n\t\t\t\t<\/div>\n\t\t\t\t<div class=\"elementor-element elementor-element-72042d2 elementor-widget elementor-widget-text-editor\" data-id=\"72042d2\" data-element_type=\"widget\" data-e-type=\"widget\" data-widget_type=\"text-editor.default\">\n\t\t\t\t<div class=\"elementor-widget-container\">\n\t\t\t\t\t\t\t\t\t<p>En un mundo en el que muchos se enfrentan a dificultades inimaginables, tu ayuda puede ser el faro de esperanza que transforme vidas. En Caritas Pro Vitae Gradu Charitable Trust, creemos en el poder de la acci\u00f3n colectiva para crear un cambio duradero. Nuestros proyectos humanitarios se dedican a llevar alivio, dignidad y oportunidades a los necesitados, ya sea proporcionando comidas nutritivas, educaci\u00f3n o ayuda de emergencia.  <\/p>\n<p>Pero no podemos hacerlo solos.<\/p>\n<p>Cada donaci\u00f3n, independientemente de su cuant\u00eda, tiene un impacto tangible. Tu contribuci\u00f3n puede proporcionar a un ni\u00f1o la educaci\u00f3n que se merece, llevar agua potable a una familia o prestar atenci\u00f3n m\u00e9dica vital a una comunidad en crisis. Cuando haces una donaci\u00f3n, no s\u00f3lo das dinero, sino que inviertes en un mundo mejor. Un mundo en el que todos tengan la oportunidad de prosperar, so\u00f1ar y vivir con dignidad. Su generosidad es el catalizador del cambio, que transforma la desesperaci\u00f3n en esperanza y los retos en oportunidades.    <\/p>\n<p>\u00danase a nosotros para marcar la diferencia. Tu apoyo es la clave para abrir un futuro mejor a quienes m\u00e1s lo necesitan. Juntos podemos cambiar el mundo, un acto de bondad cada vez.  <\/p>\n<p>Donate today and be the change you want to see in the world.<\/p>\n\t\t\t\t\t\t\t\t<\/div>\n\t\t\t\t<\/div>\n\t\t\t\t<\/div>\n\t\t\t\t\t<\/div>\n\t\t\t\t<\/div>\n\t\t\t\t<div class=\"elementor-element elementor-element-54eb6fd elementor-widget elementor-widget-shortcode\" data-id=\"54eb6fd\" data-element_type=\"widget\" data-e-type=\"widget\" data-widget_type=\"shortcode.default\">\n\t\t\t\t<div class=\"elementor-widget-container\">\n\t\t\t\t\t\t\t<div class=\"elementor-shortcode\"><div class=\"give-embed-form-wrapper\" id=\"give-69d30792a1056\"><iframe\n\t\t\t\tname=\"give-embed-form\"\n\t\t\t\tsrc=\"https:\/\/caritasprovitaegradu.ch\/es\/give\/33832\/?giveDonationFormInIframe=1\"\n\t\t\t\t\n\t\t\t\tdata-autoScroll=\"0\"\n\t\t\t\tonload=\"if( 'undefined' !== typeof Give ) { Give.initializeIframeResize(this) }\"\n\t\t\t\tstyle=\"border: 0;visibility: hidden;min-height: 600px;\"><\/iframe><div class=\"iframe-loader\">\n<div style=\"\n        height: 100%;\n        width: 100%;\n        display: flex;\n        align-items: center;\n        justify-content: center;\n    \">\n    <div style=\"\n        pointer-events: none;\n        height: 90px;\n        width: 90px;\n        background-image: url(&quot;data:image\/svg+xml;charset=utf8,%3C?xml version='1.0' encoding='utf-8'?%3E%3C!-- Generator: Adobe Illustrator 24.1.0, SVG Export Plug-In . SVG Version: 6.00 Build 0) --%3E%3Csvg version='1.1' id='Layer_1' xmlns='http:\/\/www.w3.org\/2000\/svg' xmlns:xlink='http:\/\/www.w3.org\/1999\/xlink' x='0px' y='0px' viewBox='0 0 349 348' style='enable-background:new 0 0 349 348;' xml:space='preserve'%3E%3Cstyle type='text\/css'%3E .st0{fill:%231E8CBE;} %3C\/style%3E%3Cpath class='st0' d='M25.1,204.57c-13.38,0-24.47-10.6-24.97-24.08C0.04,178.09,0,175.97,0,174C0,77.78,78.28-0.5,174.5-0.5 c13.81,0,25,11.19,25,25s-11.19,25-25,25C105.85,49.5,50,105.35,50,174c0,1.37,0.03,2.85,0.1,4.65c0.51,13.8-10.27,25.39-24.07,25.9 C25.72,204.56,25.41,204.57,25.1,204.57z'\/%3E%3Cpath class='st0' d='M174.5,348.5c-13.81,0-25-11.19-25-25c0-13.81,11.19-25,25-25c68.65,0,124.5-55.85,124.5-124.5 c0-1.38-0.03-2.85-0.1-4.65c-0.51-13.8,10.26-25.4,24.06-25.91c13.83-0.53,25.4,10.26,25.91,24.06c0.09,2.39,0.13,4.51,0.13,6.49 C349,270.22,270.72,348.5,174.5,348.5z'\/%3E%3C\/svg%3E&quot;);\n        animation: spin 0.6s linear infinite;\n        \"><\/div>\n<\/div>\n<\/div><\/div><\/div>\n\t\t\t\t\t\t<\/div>\n\t\t\t\t<\/div>\n\t\t\t\t\t<\/div>\n\t\t\t\t<\/div>\n\t\t\t\t<\/div>\n\t\t<div class=\"elementor-element elementor-element-f92f3f0 e-con-full e-flex e-con e-parent\" data-id=\"f92f3f0\" data-element_type=\"container\" data-e-type=\"container\" data-settings=\"{&quot;background_background&quot;:&quot;classic&quot;}\">\n\t\t<div class=\"elementor-element elementor-element-69ca64b e-flex e-con-boxed e-con e-child\" data-id=\"69ca64b\" data-element_type=\"container\" data-e-type=\"container\" data-settings=\"{&quot;background_background&quot;:&quot;classic&quot;}\">\n\t\t\t\t\t<div class=\"e-con-inner\">\n\t\t<div class=\"elementor-element elementor-element-0a49c93 con-max-width-2 e-flex e-con-boxed e-con e-child\" data-id=\"0a49c93\" data-element_type=\"container\" data-e-type=\"container\">\n\t\t\t\t\t<div class=\"e-con-inner\">\n\t\t\t\t<div class=\"elementor-element elementor-element-992ab3f elementor-widget elementor-widget-heading\" data-id=\"992ab3f\" data-element_type=\"widget\" data-e-type=\"widget\" data-widget_type=\"heading.default\">\n\t\t\t\t<div class=\"elementor-widget-container\">\n\t\t\t\t\t<h3 class=\"elementor-heading-title elementor-size-default\">Dona hoy y s\u00e9 t\u00fa el cambio que quieres ver en el mundo.<\/h3>\t\t\t\t<\/div>\n\t\t\t\t<\/div>\n\t\t\t\t\t<\/div>\n\t\t\t\t<\/div>\n\t\t\t\t\t<\/div>\n\t\t\t\t<\/div>\n\t\t\t\t<\/div>\n\t\t\t\t<\/div>\n\t\t","protected":false},"excerpt":{"rendered":"<p>\u00a1Dona hoy y s\u00e9 el cambio que quieres ver en el mundo! Acay Missions Philippines Ay\u00fadenos a tener un impacto En un mundo en el que muchos se enfrentan a dificultades inimaginables, tu ayuda puede ser el faro de esperanza que transforme vidas. En Caritas Pro Vitae Gradu Charitable Trust, creemos en el poder de [&hellip;]<\/p>\n","protected":false},"author":1,"featured_media":0,"parent":0,"menu_order":0,"comment_status":"closed","ping_status":"closed","template":"","meta":{"_acf_changed":false,"give_campaign_id":0,"_seopress_robots_primary_cat":"","_seopress_titles_title":"","_seopress_titles_desc":"","_seopress_robots_index":"","footnotes":""},"class_list":["post-33999","page","type-page","status-publish","hentry"],"acf":[],"campaignId":"","_links":{"self":[{"href":"https:\/\/caritasprovitaegradu.ch\/es\/wp-json\/wp\/v2\/pages\/33999","targetHints":{"allow":["GET"]}}],"collection":[{"href":"https:\/\/caritasprovitaegradu.ch\/es\/wp-json\/wp\/v2\/pages"}],"about":[{"href":"https:\/\/caritasprovitaegradu.ch\/es\/wp-json\/wp\/v2\/types\/page"}],"author":[{"embeddable":true,"href":"https:\/\/caritasprovitaegradu.ch\/es\/wp-json\/wp\/v2\/users\/1"}],"replies":[{"embeddable":true,"href":"https:\/\/caritasprovitaegradu.ch\/es\/wp-json\/wp\/v2\/comments?post=33999"}],"version-history":[{"count":4,"href":"https:\/\/caritasprovitaegradu.ch\/es\/wp-json\/wp\/v2\/pages\/33999\/revisions"}],"predecessor-version":[{"id":34026,"href":"https:\/\/caritasprovitaegradu.ch\/es\/wp-json\/wp\/v2\/pages\/33999\/revisions\/34026"}],"wp:attachment":[{"href":"https:\/\/caritasprovitaegradu.ch\/es\/wp-json\/wp\/v2\/media?parent=33999"}],"curies":[{"name":"wp","href":"https:\/\/api.w.org\/{rel}","templated":true}]}}